{"id":1153,"date":"2026-02-16T19:20:37","date_gmt":"2026-02-16T19:20:37","guid":{"rendered":"https:\/\/novavital.se\/?post_type=product&#038;p=1153"},"modified":"2026-02-16T19:20:37","modified_gmt":"2026-02-16T19:20:37","slug":"hcg-5000-iu","status":"publish","type":"product","link":"https:\/\/novavital.se\/en\/product\/hcg-5000-iu\/","title":{"rendered":"HCG 5000 iu"},"content":{"rendered":"<div>HCG anv\u00e4nds i flera olika omr\u00e5den. Men fr\u00e4mst inom\u00a0under en kur med anabola steroider\u00a0syftar till att motverka den suppresssionen av kroppens egna testosteronproduktion. som steroider orsakar.<br \/>\nObs vi rekommenderar varje kund att g\u00e5 in och l\u00e4sa\u00a0 p\u00e5 <a href=\"http:\/\/peptider.com\/\" target=\"_blank\" rel=\"noopener\" data-saferedirecturl=\"https:\/\/www.google.com\/url?q=http:\/\/peptider.com&amp;source=gmail&amp;ust=1771336469082000&amp;usg=AOvVaw26lGm4jtPcXl6qzsIDMU0Y\">peptider.com<\/a>. F\u00f6r att f\u00f6rst\u00e5 mera kring varje peptid samt dosering.<\/div>\n","protected":false},"excerpt":{"rendered":"<p>HCG anv\u00e4nds i flera olika omr\u00e5den. Men fr\u00e4mst inom\u00a0under en kur med anabola steroider\u00a0syftar till att motverka den suppresssionen av kroppens egna testosteronproduktion. som steroider orsakar. Obs vi rekommenderar varje kund att g\u00e5 in och l\u00e4sa\u00a0 p\u00e5 peptider.com. F\u00f6r att f\u00f6rst\u00e5 mera kring varje peptid samt dosering.<\/p>\n","protected":false},"featured_media":1154,"comment_status":"open","ping_status":"closed","template":"","meta":{"inline_featured_image":false},"product_brand":[],"product_cat":[48],"product_tag":[],"class_list":{"0":"post-1153","1":"product","2":"type-product","3":"status-publish","4":"has-post-thumbnail","6":"product_cat-pept","8":"first","9":"instock","10":"shipping-taxable","11":"purchasable","12":"product-type-simple"},"_links":{"self":[{"href":"https:\/\/novavital.se\/en\/wp-json\/wp\/v2\/product\/1153","targetHints":{"allow":["GET"]}}],"collection":[{"href":"https:\/\/novavital.se\/en\/wp-json\/wp\/v2\/product"}],"about":[{"href":"https:\/\/novavital.se\/en\/wp-json\/wp\/v2\/types\/product"}],"replies":[{"embeddable":true,"href":"https:\/\/novavital.se\/en\/wp-json\/wp\/v2\/comments?post=1153"}],"wp:featuredmedia":[{"embeddable":true,"href":"https:\/\/novavital.se\/en\/wp-json\/wp\/v2\/media\/1154"}],"wp:attachment":[{"href":"https:\/\/novavital.se\/en\/wp-json\/wp\/v2\/media?parent=1153"}],"wp:term":[{"taxonomy":"product_brand","embeddable":true,"href":"https:\/\/novavital.se\/en\/wp-json\/wp\/v2\/product_brand?post=1153"},{"taxonomy":"product_cat","embeddable":true,"href":"https:\/\/novavital.se\/en\/wp-json\/wp\/v2\/product_cat?post=1153"},{"taxonomy":"product_tag","embeddable":true,"href":"https:\/\/novavital.se\/en\/wp-json\/wp\/v2\/product_tag?post=1153"}],"curies":[{"name":"wp","href":"https:\/\/api.w.org\/{rel}","templated":true}]}}