{"id":1155,"date":"2026-02-16T19:28:59","date_gmt":"2026-02-16T19:28:59","guid":{"rendered":"https:\/\/novavital.se\/?post_type=product&#038;p=1155"},"modified":"2026-02-18T16:06:23","modified_gmt":"2026-02-18T16:06:23","slug":"pt-141","status":"publish","type":"product","link":"https:\/\/novavital.se\/en\/product\/pt-141\/","title":{"rendered":"PT-141"},"content":{"rendered":"<p>Den delen av Melanotan som hj\u00f6jer sexlusten!<br \/>\nObs vi rekommenderar varje kund att g\u00e5 in och l\u00e4sa\u00a0 p\u00e5 <a href=\"http:\/\/peptider.com\/\" target=\"_blank\" rel=\"noopener\" data-saferedirecturl=\"https:\/\/www.google.com\/url?q=http:\/\/peptider.com&amp;source=gmail&amp;ust=1771336469082000&amp;usg=AOvVaw26lGm4jtPcXl6qzsIDMU0Y\">peptider.com<\/a>. F\u00f6r att f\u00f6rst\u00e5 mera kring varje peptid samt dosering.<\/p>\n","protected":false},"excerpt":{"rendered":"<p>Den delen av Melanotan som hj\u00f6jer sexlusten! Obs vi rekommenderar varje kund att g\u00e5 in och l\u00e4sa\u00a0 p\u00e5 peptider.com. F\u00f6r att f\u00f6rst\u00e5 mera kring varje peptid samt dosering.<\/p>\n","protected":false},"featured_media":1174,"comment_status":"open","ping_status":"closed","template":"","meta":{"inline_featured_image":false},"product_brand":[],"product_cat":[48],"product_tag":[],"class_list":{"0":"post-1155","1":"product","2":"type-product","3":"status-publish","4":"has-post-thumbnail","6":"product_cat-pept","8":"first","9":"instock","10":"shipping-taxable","11":"purchasable","12":"product-type-simple"},"_links":{"self":[{"href":"https:\/\/novavital.se\/en\/wp-json\/wp\/v2\/product\/1155","targetHints":{"allow":["GET"]}}],"collection":[{"href":"https:\/\/novavital.se\/en\/wp-json\/wp\/v2\/product"}],"about":[{"href":"https:\/\/novavital.se\/en\/wp-json\/wp\/v2\/types\/product"}],"replies":[{"embeddable":true,"href":"https:\/\/novavital.se\/en\/wp-json\/wp\/v2\/comments?post=1155"}],"wp:featuredmedia":[{"embeddable":true,"href":"https:\/\/novavital.se\/en\/wp-json\/wp\/v2\/media\/1174"}],"wp:attachment":[{"href":"https:\/\/novavital.se\/en\/wp-json\/wp\/v2\/media?parent=1155"}],"wp:term":[{"taxonomy":"product_brand","embeddable":true,"href":"https:\/\/novavital.se\/en\/wp-json\/wp\/v2\/product_brand?post=1155"},{"taxonomy":"product_cat","embeddable":true,"href":"https:\/\/novavital.se\/en\/wp-json\/wp\/v2\/product_cat?post=1155"},{"taxonomy":"product_tag","embeddable":true,"href":"https:\/\/novavital.se\/en\/wp-json\/wp\/v2\/product_tag?post=1155"}],"curies":[{"name":"wp","href":"https:\/\/api.w.org\/{rel}","templated":true}]}}