{"id":52,"date":"2024-04-04T15:45:57","date_gmt":"2024-04-04T15:45:57","guid":{"rendered":"https:\/\/wp.xpressbuddy.com\/purefit\/?post_type=product&#038;p=52"},"modified":"2026-02-26T18:37:44","modified_gmt":"2026-02-26T18:37:44","slug":"strawberry-protine","status":"publish","type":"product","link":"https:\/\/novavital.se\/en\/product\/strawberry-protine\/","title":{"rendered":"Semaglutide 5 mg"},"content":{"rendered":"<p>Fettf\u00f6rbr\u00e4nningsmedicinen som anv\u00e4nds av \u00a0k\u00e4ndisar v\u00e4rlden \u00f6ver.<\/p>\n<div>Finns p\u00e5 apoteket, men f\u00f6r flera 100% dyrare. Det \u00e4r den produkten som g\u00e5r under ozempic.<\/div>\n<div>Obs vi rekommenderar varje kund att g\u00e5 in och l\u00e4sa \u00a0p\u00e5 <a href=\"http:\/\/peptider.com\/\" target=\"_blank\" rel=\"noreferrer nofollow noopener\" data-saferedirecturl=\"https:\/\/www.google.com\/url?q=http:\/\/peptider.com&amp;source=gmail&amp;ust=1770108691928000&amp;usg=AOvVaw3_2fZX_hom5d8JXodxRAW4\">peptider.com<\/a>. F\u00f6r att f\u00f6rst\u00e5 mera kring varje peptid samt dosering.<\/div>\n","protected":false},"excerpt":{"rendered":"<p>Fettf\u00f6rbr\u00e4nningsmedicinen som anv\u00e4nds av \u00a0k\u00e4ndisar v\u00e4rlden \u00f6ver. Finns p\u00e5 apoteket, men f\u00f6r flera 100% dyrare. Det \u00e4r den produkten som g\u00e5r under ozempic. Obs vi rekommenderar varje kund att g\u00e5 in och l\u00e4sa \u00a0p\u00e5 peptider.com. F\u00f6r att f\u00f6rst\u00e5 mera kring varje peptid samt dosering.<\/p>\n","protected":false},"featured_media":947,"comment_status":"open","ping_status":"closed","template":"","meta":{"inline_featured_image":false},"product_brand":[],"product_cat":[48],"product_tag":[],"class_list":{"0":"post-52","1":"product","2":"type-product","3":"status-publish","4":"has-post-thumbnail","6":"product_cat-pept","8":"first","9":"instock","10":"shipping-taxable","11":"purchasable","12":"product-type-simple"},"_links":{"self":[{"href":"https:\/\/novavital.se\/en\/wp-json\/wp\/v2\/product\/52","targetHints":{"allow":["GET"]}}],"collection":[{"href":"https:\/\/novavital.se\/en\/wp-json\/wp\/v2\/product"}],"about":[{"href":"https:\/\/novavital.se\/en\/wp-json\/wp\/v2\/types\/product"}],"replies":[{"embeddable":true,"href":"https:\/\/novavital.se\/en\/wp-json\/wp\/v2\/comments?post=52"}],"wp:featuredmedia":[{"embeddable":true,"href":"https:\/\/novavital.se\/en\/wp-json\/wp\/v2\/media\/947"}],"wp:attachment":[{"href":"https:\/\/novavital.se\/en\/wp-json\/wp\/v2\/media?parent=52"}],"wp:term":[{"taxonomy":"product_brand","embeddable":true,"href":"https:\/\/novavital.se\/en\/wp-json\/wp\/v2\/product_brand?post=52"},{"taxonomy":"product_cat","embeddable":true,"href":"https:\/\/novavital.se\/en\/wp-json\/wp\/v2\/product_cat?post=52"},{"taxonomy":"product_tag","embeddable":true,"href":"https:\/\/novavital.se\/en\/wp-json\/wp\/v2\/product_tag?post=52"}],"curies":[{"name":"wp","href":"https:\/\/api.w.org\/{rel}","templated":true}]}}