{"id":53,"date":"2024-04-04T15:45:57","date_gmt":"2024-04-04T15:45:57","guid":{"rendered":"https:\/\/wp.xpressbuddy.com\/purefit\/?post_type=product&#038;p=53"},"modified":"2026-02-17T07:43:38","modified_gmt":"2026-02-17T07:43:38","slug":"beta-alnine","status":"publish","type":"product","link":"https:\/\/novavital.se\/en\/product\/beta-alnine\/","title":{"rendered":"Semaglitude injektionspenna 5mg"},"content":{"rendered":"<div>\n<p>Fettf\u00f6rbr\u00e4nningsmedicinen som anv\u00e4nds av \u00a0k\u00e4ndisar v\u00e4rlden \u00f6ver.<\/p>\n<div>Finns p\u00e5 apoteket, men f\u00f6r flera 100% dyrare. Det \u00e4r den produkten som g\u00e5r under ozempic.<\/div>\n<div>Obs vi rekommenderar varje kund att g\u00e5 in och l\u00e4sa \u00a0p\u00e5\u00a0<a href=\"http:\/\/peptider.com\/\" target=\"_blank\" rel=\"noreferrer nofollow noopener\" data-saferedirecturl=\"https:\/\/www.google.com\/url?q=http:\/\/peptider.com\/&amp;source=gmail&amp;ust=1770108691928000&amp;usg=AOvVaw26atDa0QUdhZRqD_SjxLu4\">peptider.com<\/a>. F\u00f6r att f\u00f6rst\u00e5 mera kring varje peptid samt dosering.<\/div>\n<p>&nbsp;<\/p>\n<\/div>\n","protected":false},"excerpt":{"rendered":"<p>Fettf\u00f6rbr\u00e4nningsmedicinen som anv\u00e4nds av \u00a0k\u00e4ndisar v\u00e4rlden \u00f6ver. Finns p\u00e5 apoteket, men f\u00f6r flera 100% dyrare. Det \u00e4r den produkten som g\u00e5r under ozempic. Obs vi rekommenderar varje kund att g\u00e5 in och l\u00e4sa \u00a0p\u00e5\u00a0peptider.com. F\u00f6r att f\u00f6rst\u00e5 mera kring varje peptid samt dosering. &nbsp;<\/p>\n","protected":false},"featured_media":1148,"comment_status":"open","ping_status":"closed","template":"","meta":{"inline_featured_image":false},"product_brand":[],"product_cat":[41],"product_tag":[34,42,44],"class_list":{"0":"post-53","1":"product","2":"type-product","3":"status-publish","4":"has-post-thumbnail","6":"product_cat-pow","7":"product_tag-fitness","8":"product_tag-nutrition","9":"product_tag-protein","11":"first","12":"instock","13":"downloadable","14":"virtual","15":"purchasable","16":"product-type-simple"},"_links":{"self":[{"href":"https:\/\/novavital.se\/en\/wp-json\/wp\/v2\/product\/53","targetHints":{"allow":["GET"]}}],"collection":[{"href":"https:\/\/novavital.se\/en\/wp-json\/wp\/v2\/product"}],"about":[{"href":"https:\/\/novavital.se\/en\/wp-json\/wp\/v2\/types\/product"}],"replies":[{"embeddable":true,"href":"https:\/\/novavital.se\/en\/wp-json\/wp\/v2\/comments?post=53"}],"wp:featuredmedia":[{"embeddable":true,"href":"https:\/\/novavital.se\/en\/wp-json\/wp\/v2\/media\/1148"}],"wp:attachment":[{"href":"https:\/\/novavital.se\/en\/wp-json\/wp\/v2\/media?parent=53"}],"wp:term":[{"taxonomy":"product_brand","embeddable":true,"href":"https:\/\/novavital.se\/en\/wp-json\/wp\/v2\/product_brand?post=53"},{"taxonomy":"product_cat","embeddable":true,"href":"https:\/\/novavital.se\/en\/wp-json\/wp\/v2\/product_cat?post=53"},{"taxonomy":"product_tag","embeddable":true,"href":"https:\/\/novavital.se\/en\/wp-json\/wp\/v2\/product_tag?post=53"}],"curies":[{"name":"wp","href":"https:\/\/api.w.org\/{rel}","templated":true}]}}