{"id":54,"date":"2024-04-04T15:45:57","date_gmt":"2024-04-04T15:45:57","guid":{"rendered":"https:\/\/wp.xpressbuddy.com\/purefit\/?post_type=product&#038;p=54"},"modified":"2026-02-18T16:12:16","modified_gmt":"2026-02-18T16:12:16","slug":"candy-bits-protine","status":"publish","type":"product","link":"https:\/\/novavital.se\/en\/product\/candy-bits-protine\/","title":{"rendered":"Tb-500 10 mg"},"content":{"rendered":"<p>Bidrar till v\u00e4vnadsreparation, minskad inflammation och \u00f6kad flexibilitet etc.<br \/>\nObs vi rekommenderar varje kund att g\u00e5 in och l\u00e4sa\u00a0 p\u00e5\u00a0<a href=\"http:\/\/peptider.com\/\" target=\"_blank\" rel=\"noopener\" data-saferedirecturl=\"https:\/\/www.google.com\/url?q=http:\/\/peptider.com\/&amp;source=gmail&amp;ust=1771516816516000&amp;usg=AOvVaw1_nk1dQ9iQx-L4pN013WOJ\">peptider.com<\/a>. F\u00f6r att f\u00f6rst\u00e5 mera kring varje peptid samt dosering.<\/p>\n","protected":false},"excerpt":{"rendered":"<p>Bidrar till v\u00e4vnadsreparation, minskad inflammation och \u00f6kad flexibilitet etc. Obs vi rekommenderar varje kund att g\u00e5 in och l\u00e4sa\u00a0 p\u00e5\u00a0peptider.com. F\u00f6r att f\u00f6rst\u00e5 mera kring varje peptid samt dosering.<\/p>\n","protected":false},"featured_media":1175,"comment_status":"open","ping_status":"closed","template":"","meta":{"inline_featured_image":false},"product_brand":[],"product_cat":[48],"product_tag":[],"class_list":{"0":"post-54","1":"product","2":"type-product","3":"status-publish","4":"has-post-thumbnail","6":"product_cat-pept","8":"first","9":"instock","10":"downloadable","11":"virtual","12":"purchasable","13":"product-type-simple"},"_links":{"self":[{"href":"https:\/\/novavital.se\/en\/wp-json\/wp\/v2\/product\/54","targetHints":{"allow":["GET"]}}],"collection":[{"href":"https:\/\/novavital.se\/en\/wp-json\/wp\/v2\/product"}],"about":[{"href":"https:\/\/novavital.se\/en\/wp-json\/wp\/v2\/types\/product"}],"replies":[{"embeddable":true,"href":"https:\/\/novavital.se\/en\/wp-json\/wp\/v2\/comments?post=54"}],"wp:featuredmedia":[{"embeddable":true,"href":"https:\/\/novavital.se\/en\/wp-json\/wp\/v2\/media\/1175"}],"wp:attachment":[{"href":"https:\/\/novavital.se\/en\/wp-json\/wp\/v2\/media?parent=54"}],"wp:term":[{"taxonomy":"product_brand","embeddable":true,"href":"https:\/\/novavital.se\/en\/wp-json\/wp\/v2\/product_brand?post=54"},{"taxonomy":"product_cat","embeddable":true,"href":"https:\/\/novavital.se\/en\/wp-json\/wp\/v2\/product_cat?post=54"},{"taxonomy":"product_tag","embeddable":true,"href":"https:\/\/novavital.se\/en\/wp-json\/wp\/v2\/product_tag?post=54"}],"curies":[{"name":"wp","href":"https:\/\/api.w.org\/{rel}","templated":true}]}}