{"id":49,"date":"2024-04-04T15:45:57","date_gmt":"2024-04-04T15:45:57","guid":{"rendered":"https:\/\/wp.xpressbuddy.com\/purefit\/?post_type=product&#038;p=49"},"modified":"2026-02-02T08:59:40","modified_gmt":"2026-02-02T08:59:40","slug":"wheymax-pro","status":"publish","type":"product","link":"https:\/\/novavital.se\/sv\/produkt\/wheymax-pro\/","title":{"rendered":"Tirzepatid 10 mg"},"content":{"rendered":"<p>Ozempic 2.0<\/p>\n<div>Nya verisionen av ozempic, som \u00e4nnu inte finns p\u00e5 den svenska marknaden. Men \u00e4r starkare och f\u00f6rb\u00e4ttrade version av fettf\u00f6rbr\u00e4nningsmedel. Br\u00e4nner fett som fan.<\/div>\n<div>Obs vi rekommenderar varje kund att g\u00e5 in och l\u00e4sa \u00a0p\u00e5 <a href=\"http:\/\/peptider.com\/\" target=\"_blank\" rel=\"noreferrer nofollow noopener\" data-saferedirecturl=\"https:\/\/www.google.com\/url?q=http:\/\/peptider.com&amp;source=gmail&amp;ust=1770108691928000&amp;usg=AOvVaw3_2fZX_hom5d8JXodxRAW4\">peptider.com<\/a>. F\u00f6r att f\u00f6rst\u00e5 mera kring varje peptid samt dosering.<\/div>\n<div><\/div>\n<p>&nbsp;<\/p>","protected":false},"excerpt":{"rendered":"<p>Ozempic 2.0 Nya verisionen av ozempic, som \u00e4nnu inte finns p\u00e5 den svenska marknaden. Men \u00e4r starkare och f\u00f6rb\u00e4ttrade version av fettf\u00f6rbr\u00e4nningsmedel. Br\u00e4nner fett som fan. Obs vi rekommenderar varje kund att g\u00e5 in och l\u00e4sa \u00a0p\u00e5 peptider.com. F\u00f6r att f\u00f6rst\u00e5 mera kring varje peptid samt dosering. &nbsp;<\/p>","protected":false},"featured_media":944,"comment_status":"open","ping_status":"closed","template":"","meta":{"inline_featured_image":false},"product_brand":[],"product_cat":[38],"product_tag":[],"class_list":{"0":"post-49","1":"product","2":"type-product","3":"status-publish","4":"has-post-thumbnail","6":"product_cat-der","8":"first","9":"instock","10":"featured","11":"shipping-taxable","12":"purchasable","13":"product-type-simple"},"_links":{"self":[{"href":"https:\/\/novavital.se\/sv\/wp-json\/wp\/v2\/product\/49","targetHints":{"allow":["GET"]}}],"collection":[{"href":"https:\/\/novavital.se\/sv\/wp-json\/wp\/v2\/product"}],"about":[{"href":"https:\/\/novavital.se\/sv\/wp-json\/wp\/v2\/types\/product"}],"replies":[{"embeddable":true,"href":"https:\/\/novavital.se\/sv\/wp-json\/wp\/v2\/comments?post=49"}],"wp:featuredmedia":[{"embeddable":true,"href":"https:\/\/novavital.se\/sv\/wp-json\/wp\/v2\/media\/944"}],"wp:attachment":[{"href":"https:\/\/novavital.se\/sv\/wp-json\/wp\/v2\/media?parent=49"}],"wp:term":[{"taxonomy":"product_brand","embeddable":true,"href":"https:\/\/novavital.se\/sv\/wp-json\/wp\/v2\/product_brand?post=49"},{"taxonomy":"product_cat","embeddable":true,"href":"https:\/\/novavital.se\/sv\/wp-json\/wp\/v2\/product_cat?post=49"},{"taxonomy":"product_tag","embeddable":true,"href":"https:\/\/novavital.se\/sv\/wp-json\/wp\/v2\/product_tag?post=49"}],"curies":[{"name":"wp","href":"https:\/\/api.w.org\/{rel}","templated":true}]}}