{"id":50,"date":"2024-04-04T15:45:57","date_gmt":"2024-04-04T15:45:57","guid":{"rendered":"https:\/\/wp.xpressbuddy.com\/purefit\/?post_type=product&#038;p=50"},"modified":"2026-02-02T09:01:54","modified_gmt":"2026-02-02T09:01:54","slug":"creatine-protein","status":"publish","type":"product","link":"https:\/\/novavital.se\/sv\/produkt\/creatine-protein\/","title":{"rendered":"Ghk-cu 50 mg"},"content":{"rendered":"<p>Peptiden som f\u00f6ryngrar hud, g\u00f6r h\u00e5ret starkt och f\u00f6rst\u00e4rker naglar.<\/p>\n<div>Samt p\u00e5skyndar l\u00e4kningsprocesser.<\/div>\n<div>Obs vi rekommenderar varje kund att g\u00e5 in och l\u00e4sa \u00a0p\u00e5 <a href=\"http:\/\/peptider.com\/\" target=\"_blank\" rel=\"noreferrer nofollow noopener\" data-saferedirecturl=\"https:\/\/www.google.com\/url?q=http:\/\/peptider.com&amp;source=gmail&amp;ust=1770108691928000&amp;usg=AOvVaw3_2fZX_hom5d8JXodxRAW4\">peptider.com<\/a>. F\u00f6r att f\u00f6rst\u00e5 mera kring varje peptid samt dosering.<\/div>","protected":false},"excerpt":{"rendered":"<p>Peptiden som f\u00f6ryngrar hud, g\u00f6r h\u00e5ret starkt och f\u00f6rst\u00e4rker naglar. Samt p\u00e5skyndar l\u00e4kningsprocesser. Obs vi rekommenderar varje kund att g\u00e5 in och l\u00e4sa \u00a0p\u00e5 peptider.com. F\u00f6r att f\u00f6rst\u00e5 mera kring varje peptid samt dosering.<\/p>","protected":false},"featured_media":945,"comment_status":"open","ping_status":"closed","template":"","meta":{"inline_featured_image":false},"product_brand":[],"product_cat":[38],"product_tag":[],"class_list":{"0":"post-50","1":"product","2":"type-product","3":"status-publish","4":"has-post-thumbnail","6":"product_cat-der","8":"first","9":"instock","10":"featured","11":"shipping-taxable","12":"purchasable","13":"product-type-simple"},"_links":{"self":[{"href":"https:\/\/novavital.se\/sv\/wp-json\/wp\/v2\/product\/50","targetHints":{"allow":["GET"]}}],"collection":[{"href":"https:\/\/novavital.se\/sv\/wp-json\/wp\/v2\/product"}],"about":[{"href":"https:\/\/novavital.se\/sv\/wp-json\/wp\/v2\/types\/product"}],"replies":[{"embeddable":true,"href":"https:\/\/novavital.se\/sv\/wp-json\/wp\/v2\/comments?post=50"}],"wp:featuredmedia":[{"embeddable":true,"href":"https:\/\/novavital.se\/sv\/wp-json\/wp\/v2\/media\/945"}],"wp:attachment":[{"href":"https:\/\/novavital.se\/sv\/wp-json\/wp\/v2\/media?parent=50"}],"wp:term":[{"taxonomy":"product_brand","embeddable":true,"href":"https:\/\/novavital.se\/sv\/wp-json\/wp\/v2\/product_brand?post=50"},{"taxonomy":"product_cat","embeddable":true,"href":"https:\/\/novavital.se\/sv\/wp-json\/wp\/v2\/product_cat?post=50"},{"taxonomy":"product_tag","embeddable":true,"href":"https:\/\/novavital.se\/sv\/wp-json\/wp\/v2\/product_tag?post=50"}],"curies":[{"name":"wp","href":"https:\/\/api.w.org\/{rel}","templated":true}]}}