{"id":62,"date":"2024-04-04T15:45:58","date_gmt":"2024-04-04T15:45:58","guid":{"rendered":"https:\/\/wp.xpressbuddy.com\/purefit\/?post_type=product&#038;p=62"},"modified":"2026-02-02T08:56:30","modified_gmt":"2026-02-02T08:56:30","slug":"juice-guard","status":"publish","type":"product","link":"https:\/\/novavital.se\/sv\/produkt\/juice-guard\/","title":{"rendered":"Melanotan 20 mg n\u00e4ssp\u00e4rr"},"content":{"rendered":"<div>MelaMirakel peptid som f\u00f6rst\u00e4rker pigment. P\u00e5skyndar \u00a0\u00e4mnesoms\u00e4ttning. Dvs fettf\u00f6rbr\u00e4nning. Och \u00f6kar sexlust.<\/p>\n<div>Obs vi rekommenderar varje kund att g\u00e5 in och l\u00e4sa \u00a0p\u00e5 <a href=\"http:\/\/peptider.com\/\" target=\"_blank\" rel=\"noreferrer nofollow noopener\" data-saferedirecturl=\"https:\/\/www.google.com\/url?q=http:\/\/peptider.com&amp;source=gmail&amp;ust=1770108691928000&amp;usg=AOvVaw3_2fZX_hom5d8JXodxRAW4\">peptider.com<\/a>. F\u00f6r att f\u00f6rst\u00e5 mera kring varje peptid samt dosering.<\/div>\n<\/div>","protected":false},"excerpt":{"rendered":"<p>MelaMirakel peptid som f\u00f6rst\u00e4rker pigment. P\u00e5skyndar \u00a0\u00e4mnesoms\u00e4ttning. Dvs fettf\u00f6rbr\u00e4nning. Och \u00f6kar sexlust. Obs vi rekommenderar varje kund att g\u00e5 in och l\u00e4sa \u00a0p\u00e5 peptider.com. F\u00f6r att f\u00f6rst\u00e5 mera kring varje peptid samt dosering.<\/p>","protected":false},"featured_media":942,"comment_status":"open","ping_status":"closed","template":"","meta":{"inline_featured_image":false},"product_brand":[],"product_cat":[50],"product_tag":[34,43],"class_list":{"0":"post-62","1":"product","2":"type-product","3":"status-publish","4":"has-post-thumbnail","6":"product_cat-accessories","7":"product_tag-fitness","8":"product_tag-powders","10":"first","11":"instock","12":"sale","13":"shipping-taxable","14":"purchasable","15":"product-type-variable"},"_links":{"self":[{"href":"https:\/\/novavital.se\/sv\/wp-json\/wp\/v2\/product\/62","targetHints":{"allow":["GET"]}}],"collection":[{"href":"https:\/\/novavital.se\/sv\/wp-json\/wp\/v2\/product"}],"about":[{"href":"https:\/\/novavital.se\/sv\/wp-json\/wp\/v2\/types\/product"}],"replies":[{"embeddable":true,"href":"https:\/\/novavital.se\/sv\/wp-json\/wp\/v2\/comments?post=62"}],"wp:featuredmedia":[{"embeddable":true,"href":"https:\/\/novavital.se\/sv\/wp-json\/wp\/v2\/media\/942"}],"wp:attachment":[{"href":"https:\/\/novavital.se\/sv\/wp-json\/wp\/v2\/media?parent=62"}],"wp:term":[{"taxonomy":"product_brand","embeddable":true,"href":"https:\/\/novavital.se\/sv\/wp-json\/wp\/v2\/product_brand?post=62"},{"taxonomy":"product_cat","embeddable":true,"href":"https:\/\/novavital.se\/sv\/wp-json\/wp\/v2\/product_cat?post=62"},{"taxonomy":"product_tag","embeddable":true,"href":"https:\/\/novavital.se\/sv\/wp-json\/wp\/v2\/product_tag?post=62"}],"curies":[{"name":"wp","href":"https:\/\/api.w.org\/{rel}","templated":true}]}}