{"id":63,"date":"2024-04-04T15:45:58","date_gmt":"2024-04-04T15:45:58","guid":{"rendered":"https:\/\/wp.xpressbuddy.com\/purefit\/?post_type=product&#038;p=63"},"modified":"2026-02-02T08:58:23","modified_gmt":"2026-02-02T08:58:23","slug":"nutraone-protine","status":"publish","type":"product","link":"https:\/\/novavital.se\/sv\/produkt\/nutraone-protine\/","title":{"rendered":"Bpc 157 5 mg"},"content":{"rendered":"<p>Supermedicinen som sl\u00e5r ut alla antiflammatoriska preparat p\u00e5 marknaden. Mirakelmedicin f\u00f6r skador. Tex inflammationer, muskelv\u00e4rk, ledproblem etc.<br \/>\nObs vi rekommenderar varje kund att g\u00e5 in och l\u00e4sa \u00a0p\u00e5 <a href=\"http:\/\/peptider.com\/\" target=\"_blank\" rel=\"noreferrer nofollow noopener\" data-saferedirecturl=\"https:\/\/www.google.com\/url?q=http:\/\/peptider.com&amp;source=gmail&amp;ust=1770108691928000&amp;usg=AOvVaw3_2fZX_hom5d8JXodxRAW4\">peptider.com<\/a>. F\u00f6r att f\u00f6rst\u00e5 mera kring varje peptid samt dosering.<\/p>","protected":false},"excerpt":{"rendered":"<p>Supermedicinen som sl\u00e5r ut alla antiflammatoriska preparat p\u00e5 marknaden. Mirakelmedicin f\u00f6r skador. Tex inflammationer, muskelv\u00e4rk, ledproblem etc. Obs vi rekommenderar varje kund att g\u00e5 in och l\u00e4sa \u00a0p\u00e5 peptider.com. F\u00f6r att f\u00f6rst\u00e5 mera kring varje peptid samt dosering.<\/p>","protected":false},"featured_media":943,"comment_status":"open","ping_status":"closed","template":"","meta":{"inline_featured_image":false},"product_brand":[],"product_cat":[32],"product_tag":[43,44],"class_list":{"0":"post-63","1":"product","2":"type-product","3":"status-publish","4":"has-post-thumbnail","6":"product_cat-peptide","7":"product_tag-powders","8":"product_tag-protein","10":"first","11":"instock","12":"shipping-taxable","13":"purchasable","14":"product-type-simple"},"_links":{"self":[{"href":"https:\/\/novavital.se\/sv\/wp-json\/wp\/v2\/product\/63","targetHints":{"allow":["GET"]}}],"collection":[{"href":"https:\/\/novavital.se\/sv\/wp-json\/wp\/v2\/product"}],"about":[{"href":"https:\/\/novavital.se\/sv\/wp-json\/wp\/v2\/types\/product"}],"replies":[{"embeddable":true,"href":"https:\/\/novavital.se\/sv\/wp-json\/wp\/v2\/comments?post=63"}],"wp:featuredmedia":[{"embeddable":true,"href":"https:\/\/novavital.se\/sv\/wp-json\/wp\/v2\/media\/943"}],"wp:attachment":[{"href":"https:\/\/novavital.se\/sv\/wp-json\/wp\/v2\/media?parent=63"}],"wp:term":[{"taxonomy":"product_brand","embeddable":true,"href":"https:\/\/novavital.se\/sv\/wp-json\/wp\/v2\/product_brand?post=63"},{"taxonomy":"product_cat","embeddable":true,"href":"https:\/\/novavital.se\/sv\/wp-json\/wp\/v2\/product_cat?post=63"},{"taxonomy":"product_tag","embeddable":true,"href":"https:\/\/novavital.se\/sv\/wp-json\/wp\/v2\/product_tag?post=63"}],"curies":[{"name":"wp","href":"https:\/\/api.w.org\/{rel}","templated":true}]}}